{"id":144,"date":"2024-03-25T20:40:31","date_gmt":"2024-03-25T20:40:31","guid":{"rendered":"https:\/\/applywithcarlosdiaz.com\/?page_id=144"},"modified":"2025-02-23T11:39:50","modified_gmt":"2025-02-23T11:39:50","slug":"144-2","status":"publish","type":"page","link":"https:\/\/applywithcarlosdiaz.com\/?page_id=144&lang=es","title":{"rendered":""},"content":{"rendered":"<p>[et_pb_section fb_built=&#8221;1&#8243; _builder_version=&#8221;4.18.1&#8243; _module_preset=&#8221;default&#8221; global_colors_info=&#8221;{}&#8221;][et_pb_row _builder_version=&#8221;4.18.1&#8243; _module_preset=&#8221;default&#8221; global_colors_info=&#8221;{}&#8221;][et_pb_column type=&#8221;4_4&#8243; _builder_version=&#8221;4.18.1&#8243; _module_preset=&#8221;default&#8221; global_colors_info=&#8221;{}&#8221;][et_pb_text _builder_version=&#8221;4.18.1&#8243; _module_preset=&#8221;default&#8221; text_font=&#8221;|700|||||||&#8221; text_text_color=&#8221;#00208A&#8221; text_font_size=&#8221;33px&#8221; text_orientation=&#8221;center&#8221; global_colors_info=&#8221;{}&#8221;]<\/p>\n<p>Cuestionario de informaci\u00f3n de pr\u00e9stamos<\/p>\n<p>[\/et_pb_text][et_pb_text _builder_version=&#8221;4.18.1&#8243; _module_preset=&#8221;default&#8221; text_font=&#8221;||||||||&#8221; text_text_color=&#8221;#000000&#8243; text_font_size=&#8221;19px&#8221; text_orientation=&#8221;center&#8221; global_colors_info=&#8221;{}&#8221;]<\/p>\n<p>Este cuestionario es el primer paso para conseguir tu pr\u00e9stamo, esto no es una solicitud. La solicitud comenzar\u00e1 una vez que nos comuniquemos con usted y env\u00ede todos los documentos requeridos.<\/p>\n<p>[\/et_pb_text][et_pb_contact_form email=&#8221;carludica911@gmail.com&#8221; custom_message=&#8221;New Loan Information Questionaire Filled:||et_pb_line_break_holder||||et_pb_line_break_holder||Name: %%Full_Name%%||et_pb_line_break_holder||SSN \/ ITIN: %%ssn_itin%%||et_pb_line_break_holder||Phone: %%Phone%%||et_pb_line_break_holder||Email: %%Email%%||et_pb_line_break_holder||Current Address: %%Current_address%%||et_pb_line_break_holder||Hown a home?: %%How_house%%||et_pb_line_break_holder||Monthly payments: %%monthly_payments%%||et_pb_line_break_holder||Working Status: %%employment%%||et_pb_line_break_holder||Date Start Job \/ Business: %%start_job%%||et_pb_line_break_holder||Income: %%income%%||et_pb_line_break_holder||Score:  %%score%% ||et_pb_line_break_holder||Savings: %%savings%%||et_pb_line_break_holder||Who recommend: %%who%%||et_pb_line_break_holder||&#8221; success_message=&#8221;Thank you for fill this questionaire!&#8221; submit_button_text=&#8221;Send&#8221; _builder_version=&#8221;4.18.1&#8243; _module_preset=&#8221;default&#8221; _unique_id=&#8221;389c0328-fcc9-4981-b6c2-2296cde28457&#8243; form_field_background_color=&#8221;#D6D6D6&#8243; form_field_custom_margin=&#8221;0px||||false|false&#8221; title_font=&#8221;|700|||||||&#8221; title_text_align=&#8221;center&#8221; title_text_color=&#8221;#331584&#8243; title_line_height=&#8221;2.1em&#8221; form_field_text_align=&#8221;left&#8221; form_field_font_size=&#8221;14px&#8221; form_field_line_height=&#8221;1.2em&#8221; custom_button=&#8221;on&#8221; button_text_size=&#8221;20px&#8221; button_text_color=&#8221;#FFFFFF&#8221; button_bg_color=&#8221;#00208A&#8221; button_border_width=&#8221;0px&#8221; button_border_color=&#8221;#331584&#8243; button_border_radius=&#8221;0px&#8221; button_font=&#8221;|600|||||||&#8221; text_orientation=&#8221;justified&#8221; module_alignment=&#8221;center&#8221; hover_enabled=&#8221;0&#8243; form_field_font_size_tablet=&#8221;12px&#8221; form_field_font_size_phone=&#8221;12px&#8221; form_field_font_size_last_edited=&#8221;on|phone&#8221; border_radii=&#8221;on|26px|26px|26px|26px&#8221; global_colors_info=&#8221;{}&#8221; sticky_enabled=&#8221;0&#8243;][et_pb_contact_field field_id=&#8221;Full_Name&#8221; field_title=&#8221;Nombre completo&#8221; _builder_version=&#8221;4.18.1&#8243; global_colors_info=&#8221;{}&#8221; button_text_size__hover_enabled=&#8221;off&#8221; button_one_text_size__hover_enabled=&#8221;off&#8221; button_two_text_size__hover_enabled=&#8221;off&#8221; button_text_color__hover_enabled=&#8221;off&#8221; button_one_text_color__hover_enabled=&#8221;off&#8221; button_two_text_color__hover_enabled=&#8221;off&#8221; button_border_width__hover_enabled=&#8221;off&#8221; button_one_border_width__hover_enabled=&#8221;off&#8221; button_two_border_width__hover_enabled=&#8221;off&#8221; button_border_color__hover_enabled=&#8221;off&#8221; button_one_border_color__hover_enabled=&#8221;off&#8221; button_two_border_color__hover_enabled=&#8221;off&#8221; button_border_radius__hover_enabled=&#8221;off&#8221; button_one_border_radius__hover_enabled=&#8221;off&#8221; button_two_border_radius__hover_enabled=&#8221;off&#8221; button_letter_spacing__hover_enabled=&#8221;off&#8221; button_one_letter_spacing__hover_enabled=&#8221;off&#8221; button_two_letter_spacing__hover_enabled=&#8221;off&#8221; button_bg_color__hover_enabled=&#8221;off&#8221; button_one_bg_color__hover_enabled=&#8221;off&#8221; button_two_bg_color__hover_enabled=&#8221;off&#8221;][\/et_pb_contact_field][et_pb_contact_field field_id=&#8221;ssn_itin&#8221; field_title=&#8221;SSN \/ ITIN&#8221; _builder_version=&#8221;4.18.1&#8243; _module_preset=&#8221;default&#8221; global_colors_info=&#8221;{}&#8221;][\/et_pb_contact_field][et_pb_contact_field field_id=&#8221;Phone&#8221; field_title=&#8221;Tel\u00e9fono&#8221; allowed_symbols=&#8221;numbers&#8221; _builder_version=&#8221;4.18.1&#8243; _module_preset=&#8221;default&#8221; global_colors_info=&#8221;{}&#8221;][\/et_pb_contact_field][et_pb_contact_field field_id=&#8221;Email&#8221; field_title=&#8221;Correo electr\u00f3nico&#8221; field_type=&#8221;email&#8221; _builder_version=&#8221;4.18.1&#8243; global_colors_info=&#8221;{}&#8221; button_text_size__hover_enabled=&#8221;off&#8221; button_one_text_size__hover_enabled=&#8221;off&#8221; button_two_text_size__hover_enabled=&#8221;off&#8221; button_text_color__hover_enabled=&#8221;off&#8221; button_one_text_color__hover_enabled=&#8221;off&#8221; button_two_text_color__hover_enabled=&#8221;off&#8221; button_border_width__hover_enabled=&#8221;off&#8221; button_one_border_width__hover_enabled=&#8221;off&#8221; button_two_border_width__hover_enabled=&#8221;off&#8221; button_border_color__hover_enabled=&#8221;off&#8221; button_one_border_color__hover_enabled=&#8221;off&#8221; button_two_border_color__hover_enabled=&#8221;off&#8221; button_border_radius__hover_enabled=&#8221;off&#8221; button_one_border_radius__hover_enabled=&#8221;off&#8221; button_two_border_radius__hover_enabled=&#8221;off&#8221; button_letter_spacing__hover_enabled=&#8221;off&#8221; button_one_letter_spacing__hover_enabled=&#8221;off&#8221; button_two_letter_spacing__hover_enabled=&#8221;off&#8221; button_bg_color__hover_enabled=&#8221;off&#8221; button_one_bg_color__hover_enabled=&#8221;off&#8221; button_two_bg_color__hover_enabled=&#8221;off&#8221;][\/et_pb_contact_field][et_pb_contact_field field_id=&#8221;Current_address&#8221; field_title=&#8221;Direcci\u00f3n&#8221; fullwidth_field=&#8221;on&#8221; _builder_version=&#8221;4.18.1&#8243; _module_preset=&#8221;default&#8221; global_colors_info=&#8221;{}&#8221;][\/et_pb_contact_field][et_pb_contact_field field_id=&#8221;how_house&#8221; field_title=&#8221;\u00bfEres propietario de una casa?&#8221; field_type=&#8221;radio&#8221; radio_options=&#8221;%91{%22value%22:%22Si%22,%22checked%22:0,%22dragID%22:-1},{%22value%22:%22No%22,%22checked%22:0,%22dragID%22:0}%93&#8243; _builder_version=&#8221;4.18.1&#8243; _module_preset=&#8221;default&#8221; global_colors_info=&#8221;{}&#8221;][\/et_pb_contact_field][et_pb_contact_field field_id=&#8221;monthly_payments&#8221; field_title=&#8221;\u00bfCu\u00e1l es tu gasto total mensual?&#8221; conditional_logic=&#8221;on&#8221; conditional_logic_rules=&#8221;%91{%22field%22:%22how_house%22,%22condition%22:%22is%22,%22value%22:%22Yes%22},{%22field%22:%22how_house%22,%22condition%22:%22is%22,%22value%22:%22Si%22}%93&#8243; _builder_version=&#8221;4.18.1&#8243; _module_preset=&#8221;default&#8221; hover_enabled=&#8221;0&#8243; global_colors_info=&#8221;{}&#8221; sticky_enabled=&#8221;0&#8243;][\/et_pb_contact_field][et_pb_contact_field field_id=&#8221;employment&#8221; field_title=&#8221;Estatus laboral&#8221; field_type=&#8221;radio&#8221; radio_options=&#8221;%91{%22value%22:%22Desempleado%22,%22checked%22:0,%22dragID%22:-1},{%22value%22:%22Aut\u00f3nomo%22,%22checked%22:0,%22dragID%22:0},{%22value%22:%22W2%22,%22checked%22:0,%22dragID%22:1}%93&#8243; _builder_version=&#8221;4.18.1&#8243; _module_preset=&#8221;default&#8221; global_colors_info=&#8221;{}&#8221;][\/et_pb_contact_field][et_pb_contact_field field_id=&#8221;start_job&#8221; field_title=&#8221;Fecha de inicio de trabajo o negocio&#8221; conditional_logic=&#8221;on&#8221; conditional_logic_rules=&#8221;%91{%22field%22:%22employment%22,%22condition%22:%22is not%22,%22value%22:%22Desempleado%22},{%22field%22:%22employment%22,%22condition%22:%22is not%22,%22value%22:%22Desempleado%22}%93&#8243; _builder_version=&#8221;4.18.1&#8243; _module_preset=&#8221;default&#8221; global_colors_info=&#8221;{}&#8221;][\/et_pb_contact_field][et_pb_contact_field field_id=&#8221;income&#8221; field_title=&#8221;Ingreso mensual&#8221; _builder_version=&#8221;4.18.1&#8243; _module_preset=&#8221;default&#8221; global_colors_info=&#8221;{}&#8221;][\/et_pb_contact_field][et_pb_contact_field field_id=&#8221;score&#8221; field_title=&#8221;Puntaje de cr\u00e9dito aproximado&#8221; _builder_version=&#8221;4.18.1&#8243; _module_preset=&#8221;default&#8221; global_colors_info=&#8221;{}&#8221;][\/et_pb_contact_field][et_pb_contact_field field_id=&#8221;Savings&#8221; field_title=&#8221;Capital ahorrado&#8221; allowed_symbols=&#8221;numbers&#8221; _builder_version=&#8221;4.18.1&#8243; _module_preset=&#8221;default&#8221; global_colors_info=&#8221;{}&#8221;][\/et_pb_contact_field][et_pb_contact_field field_id=&#8221;who&#8221; field_title=&#8221;\u00bfQuien te ha recomandado nuestro servicio?&#8221; required_mark=&#8221;off&#8221; _builder_version=&#8221;4.18.1&#8243; _module_preset=&#8221;default&#8221; global_colors_info=&#8221;{}&#8221;][\/et_pb_contact_field][\/et_pb_contact_form][\/et_pb_column][\/et_pb_row][\/et_pb_section]<\/p>\n","protected":false},"excerpt":{"rendered":"<p>Cuestionario de informaci\u00f3n de pr\u00e9stamosEste cuestionario es el primer paso para conseguir tu pr\u00e9stamo, esto no es una solicitud. La solicitud comenzar\u00e1 una vez que nos comuniquemos con usted y env\u00ede todos los documentos requeridos.<\/p>\n","protected":false},"author":1,"featured_media":0,"parent":0,"menu_order":0,"comment_status":"closed","ping_status":"closed","template":"","meta":{"_et_pb_use_builder":"on","_et_pb_old_content":"","_et_gb_content_width":"","footnotes":""},"class_list":["post-144","page","type-page","status-publish","hentry"],"_links":{"self":[{"href":"https:\/\/applywithcarlosdiaz.com\/index.php?rest_route=\/wp\/v2\/pages\/144","targetHints":{"allow":["GET"]}}],"collection":[{"href":"https:\/\/applywithcarlosdiaz.com\/index.php?rest_route=\/wp\/v2\/pages"}],"about":[{"href":"https:\/\/applywithcarlosdiaz.com\/index.php?rest_route=\/wp\/v2\/types\/page"}],"author":[{"embeddable":true,"href":"https:\/\/applywithcarlosdiaz.com\/index.php?rest_route=\/wp\/v2\/users\/1"}],"replies":[{"embeddable":true,"href":"https:\/\/applywithcarlosdiaz.com\/index.php?rest_route=%2Fwp%2Fv2%2Fcomments&post=144"}],"version-history":[{"count":6,"href":"https:\/\/applywithcarlosdiaz.com\/index.php?rest_route=\/wp\/v2\/pages\/144\/revisions"}],"predecessor-version":[{"id":188,"href":"https:\/\/applywithcarlosdiaz.com\/index.php?rest_route=\/wp\/v2\/pages\/144\/revisions\/188"}],"wp:attachment":[{"href":"https:\/\/applywithcarlosdiaz.com\/index.php?rest_route=%2Fwp%2Fv2%2Fmedia&parent=144"}],"curies":[{"name":"wp","href":"https:\/\/api.w.org\/{rel}","templated":true}]}}